{"id":102,"date":"2012-06-02T11:39:19","date_gmt":"2012-06-02T11:39:19","guid":{"rendered":"http:\/\/desvisages.fr\/?page_id=102"},"modified":"2018-11-19T14:32:25","modified_gmt":"2018-11-19T14:32:25","slug":"accueil","status":"publish","type":"page","link":"https:\/\/desvisages.fr\/","title":{"rendered":"Le Guide des Jobs \u00e0 Bord en version \u00e9lectronique, \u00e0 la rentr\u00e9e 2019 !!"},"content":{"rendered":"<p><strong>Fin 2018, communiqu\u00e9 :<\/strong><\/p>\n<p>Les \u00e9ditions des Visages annonce la mise \u00e0 jour du guide DES JOBS \u00e0 BORD (\u00e9ditions 2001, 2003 et 2008). Apr\u00e8s une r\u00e9vision compl\u00e8te des coordonn\u00e9es des employeurs et des compagnies de croisi\u00e8re qui recrutent, notre maison d&rsquo;\u00e9ditions (Groupe CK productions) produira \u00e0 la rentr\u00e9e 2019 une version \u00ab\u00a0pocket\u00a0\u00bb dans un format \u00e9lectronique, dont les adresses seront mises \u00e0 jour mensuellement et consultables sur un blog d\u00e9di\u00e9 aux abonn\u00e9(e)s.<\/p>\n<p>En outre, le prix de l&rsquo;ouvrage sera divis\u00e9 par deux en comparaison des \u00e9ditions \u00ab\u00a0papier\u00a0\u00bb afin que chacun ait une chance d&#8217;embarquer pour quelques semaines ou pour la vie !<\/p>\n<p>Une centaines de pages pour tout savoir et embarquer vers des eaux turquoises et \u00e9viter les eaux troubles.<\/p>\n<p>Un guide con\u00e7u et actualis\u00e9 pour ne pas rater le d\u00e9part.<\/p>\n<div id=\"attachment_178\" style=\"width: 441px\" class=\"wp-caption aligncenter\"><a href=\"http:\/\/desvisages.fr\/wp-content\/uploads\/2012\/06\/Yachts.jpg\"><img loading=\"lazy\" decoding=\"async\" aria-describedby=\"caption-attachment-178\" class=\" wp-image-178\" src=\"http:\/\/desvisages.fr\/wp-content\/uploads\/2012\/06\/Yachts-300x132.jpg\" alt=\"Jobs \u00e0 Bord\" width=\"431\" height=\"195\" \/><\/a><p id=\"caption-attachment-178\" class=\"wp-caption-text\">Tous les plans pour travailler sur les mers<\/p><\/div>\n<p>Alors rendez-vous pour le <strong>Jobs \u00e0 Bord pocket, \u00e9dition 2019<\/strong>\u00a0!!!<\/p>\n<p><strong>\u00a0<\/strong><\/p>\n<p>&nbsp;<\/p>\n","protected":false},"excerpt":{"rendered":"<p>Fin 2018, communiqu\u00e9 : Les \u00e9ditions des Visages annonce la mise \u00e0 jour du guide DES JOBS \u00e0 BORD (\u00e9ditions 2001, 2003 et 2008). Apr\u00e8s une r\u00e9vision compl\u00e8te des coordonn\u00e9es des employeurs et des compagnies de croisi\u00e8re qui recrutent, notre &hellip; <a href=\"https:\/\/desvisages.fr\/\">Continuer la lecture <span class=\"meta-nav\">&rarr;<\/span><\/a><\/p>\n","protected":false},"author":2,"featured_media":0,"parent":0,"menu_order":0,"comment_status":"closed","ping_status":"closed","template":"","meta":{"footnotes":""},"class_list":["post-102","page","type-page","status-publish","hentry"],"_links":{"self":[{"href":"https:\/\/desvisages.fr\/index.php?rest_route=\/wp\/v2\/pages\/102","targetHints":{"allow":["GET"]}}],"collection":[{"href":"https:\/\/desvisages.fr\/index.php?rest_route=\/wp\/v2\/pages"}],"about":[{"href":"https:\/\/desvisages.fr\/index.php?rest_route=\/wp\/v2\/types\/page"}],"author":[{"embeddable":true,"href":"https:\/\/desvisages.fr\/index.php?rest_route=\/wp\/v2\/users\/2"}],"replies":[{"embeddable":true,"href":"https:\/\/desvisages.fr\/index.php?rest_route=%2Fwp%2Fv2%2Fcomments&post=102"}],"version-history":[{"count":73,"href":"https:\/\/desvisages.fr\/index.php?rest_route=\/wp\/v2\/pages\/102\/revisions"}],"predecessor-version":[{"id":502,"href":"https:\/\/desvisages.fr\/index.php?rest_route=\/wp\/v2\/pages\/102\/revisions\/502"}],"wp:attachment":[{"href":"https:\/\/desvisages.fr\/index.php?rest_route=%2Fwp%2Fv2%2Fmedia&parent=102"}],"curies":[{"name":"wp","href":"https:\/\/api.w.org\/{rel}","templated":true}]}}