{"id":18,"date":"2012-06-01T14:21:54","date_gmt":"2012-06-01T14:21:54","guid":{"rendered":"http:\/\/desvisages.fr\/?page_id=18"},"modified":"2018-11-19T15:01:26","modified_gmt":"2018-11-19T15:01:26","slug":"figures-de-montmartre","status":"publish","type":"page","link":"https:\/\/desvisages.fr\/?page_id=18","title":{"rendered":"Figures de Montmartre 2006 et 2016"},"content":{"rendered":"<p><em>ET SI ON VOYAGEAIT PLUS SOUVENT A LA MAISON ?<\/em><\/p>\n<p><strong>LE PITCH<\/strong><\/p>\n<p>L&rsquo;id\u00e9e de ces deux livres \u00e9tait de figer photographiquement \u00e0 un moment donn\u00e9 la population cosmopolite du quartier pittoresque de Montmartre. Le r\u00eave chaque jour plus utopiste d&rsquo;une fusion sociale, celle d&rsquo;un peintre soumis \u00e0 l&rsquo;imp\u00f4t sur la fortune qui partagerait joyeusement un morceau de comptoir avec un sans grade \u00e9margeant aux minima sociaux.<\/p>\n<p>Ni le catalogue des cafetiers du coin, ni le recueil des montmartrois historiquement l\u00e9gitimes ou qui se consid\u00e8rent comme tel, le premier tome de \u00ab\u00a0Figures de Montmartre\u00a0\u00bb r\u00e9unit photographiquement et avec beaucoup d\u2019\u00e9motion, un \u00e9chantillon de vie de quartier, des personnages truculents, des commer\u00e7ants hauts en couleurs, des illumin\u00e9s et des justes, des vieux montmartrois et des d\u00e9barqu\u00e9s de la derni\u00e8re heure, des hommes et des femmes, des jeunes et des vieux, des noirs et des blancs, des illustres et des inconnus.<\/p>\n<p><strong>COMMENT SE LES PROCURER, vite, sans soucis et pas cher :<\/strong><\/p>\n<ul>\n<li><a title=\"priceminister\" href=\"https:\/\/livre.fnac.com\/a11000443\/Francois-Pont-Figures-de-Montmartre\">Tome 2 &#8211; 2016, et si on s&rsquo;\u00e9taient donn\u00e9s rendez-vous il y a 10 ans !<\/a><\/li>\n<li><a title=\"\u00e9diteur\" href=\"https:\/\/livre.fnac.com\/a1923464\/Francois-Pont-Figures-de-Montmartre\">Tome 1 &#8211; 2006, une \u00e9dition presque \u00e9puis\u00e9e (comme nous) !!<\/a><\/li>\n<\/ul>\n<p>&nbsp;<\/p>\n<p><a href=\"http:\/\/desvisages.fr\/wp-content\/uploads\/2012\/06\/COUVERTURE_FACElight.jpg\"><img loading=\"lazy\" decoding=\"async\" class=\"aligncenter size-large wp-image-230\" title=\"COUVERTURE_FACElight\" src=\"http:\/\/desvisages.fr\/wp-content\/uploads\/2012\/06\/COUVERTURE_FACElight-1024x833.jpg\" alt=\"\" width=\"584\" height=\"475\" srcset=\"https:\/\/desvisages.fr\/wp-content\/uploads\/2012\/06\/COUVERTURE_FACElight-1024x833.jpg 1024w, https:\/\/desvisages.fr\/wp-content\/uploads\/2012\/06\/COUVERTURE_FACElight-300x244.jpg 300w, https:\/\/desvisages.fr\/wp-content\/uploads\/2012\/06\/COUVERTURE_FACElight-368x300.jpg 368w, https:\/\/desvisages.fr\/wp-content\/uploads\/2012\/06\/COUVERTURE_FACElight.jpg 1063w\" sizes=\"auto, (max-width: 584px) 100vw, 584px\" \/><\/a><\/p>\n<p><strong>Parmi les cinquante portraits du premier tome de 2006 :<\/strong><\/p>\n<p>Bel\u2019 Air Jenny, \u00e9g\u00e9rie des eighties ; Bohec Jeanne, compagnon dela Lib\u00e9ration ; Delfieu Dominique, m\u00e9decin ; Guarnieri Marie Rose, libraire ; Jeunet Jean-Pierre, r\u00e9alisateur ; Langlois Michel, charcutier ; Las Vegas Aldo, sh\u00e9rif de l\u2019Univers ; Launay\u00a0 Jean-Jacques, pr\u00eatre ; Lucas Pierre, serrurier ; Machado Juarez, peintre ; Michou, l\u00e9gende vivante ; Noguerra Helena, chanteuse ; Pinon Dominique, com\u00e9dien ; Slater Jol\u00e8ne, meneuse de revue au Moulin Rouge ; Tagliafferi Jean-Pierre, gangster reconverti dans le 7\u00e8me art ; Winter Jochen, po\u00e8te\u2026.<\/p>\n<p><strong>Et la suite, le deuxi\u00e8me tome, 10 ans plus tard, en 2016 (parution en 2017) !!<\/strong><\/p>\n<p><a href=\"http:\/\/desvisages.fr\/wp-content\/uploads\/2018\/11\/Couv-Figures.jpg\"><img loading=\"lazy\" decoding=\"async\" class=\"aligncenter size-medium wp-image-506\" src=\"http:\/\/desvisages.fr\/wp-content\/uploads\/2018\/11\/Couv-Figures-216x300.jpg\" alt=\"\" width=\"216\" height=\"300\" srcset=\"https:\/\/desvisages.fr\/wp-content\/uploads\/2018\/11\/Couv-Figures-216x300.jpg 216w, https:\/\/desvisages.fr\/wp-content\/uploads\/2018\/11\/Couv-Figures.jpg 720w\" sizes=\"auto, (max-width: 216px) 100vw, 216px\" \/><\/a><\/p>\n<p>&nbsp;<\/p>\n<p><strong>EN SAVOIR PLUS :<\/strong><\/p>\n<p><a title=\"presse\" href=\"http:\/\/desvisages.fr\/?page_id=210\">La presse en a parl\u00e9<\/a><\/p>\n","protected":false},"excerpt":{"rendered":"<p>ET SI ON VOYAGEAIT PLUS SOUVENT A LA MAISON ? LE PITCH L&rsquo;id\u00e9e de ces deux livres \u00e9tait de figer photographiquement \u00e0 un moment donn\u00e9 la population cosmopolite du quartier pittoresque de Montmartre. Le r\u00eave chaque jour plus utopiste d&rsquo;une &hellip; <a href=\"https:\/\/desvisages.fr\/?page_id=18\">Continuer la lecture <span class=\"meta-nav\">&rarr;<\/span><\/a><\/p>\n","protected":false},"author":2,"featured_media":151,"parent":0,"menu_order":4,"comment_status":"closed","ping_status":"closed","template":"","meta":{"footnotes":""},"class_list":["post-18","page","type-page","status-publish","has-post-thumbnail","hentry"],"_links":{"self":[{"href":"https:\/\/desvisages.fr\/index.php?rest_route=\/wp\/v2\/pages\/18","targetHints":{"allow":["GET"]}}],"collection":[{"href":"https:\/\/desvisages.fr\/index.php?rest_route=\/wp\/v2\/pages"}],"about":[{"href":"https:\/\/desvisages.fr\/index.php?rest_route=\/wp\/v2\/types\/page"}],"author":[{"embeddable":true,"href":"https:\/\/desvisages.fr\/index.php?rest_route=\/wp\/v2\/users\/2"}],"replies":[{"embeddable":true,"href":"https:\/\/desvisages.fr\/index.php?rest_route=%2Fwp%2Fv2%2Fcomments&post=18"}],"version-history":[{"count":24,"href":"https:\/\/desvisages.fr\/index.php?rest_route=\/wp\/v2\/pages\/18\/revisions"}],"predecessor-version":[{"id":513,"href":"https:\/\/desvisages.fr\/index.php?rest_route=\/wp\/v2\/pages\/18\/revisions\/513"}],"wp:featuredmedia":[{"embeddable":true,"href":"https:\/\/desvisages.fr\/index.php?rest_route=\/wp\/v2\/media\/151"}],"wp:attachment":[{"href":"https:\/\/desvisages.fr\/index.php?rest_route=%2Fwp%2Fv2%2Fmedia&parent=18"}],"curies":[{"name":"wp","href":"https:\/\/api.w.org\/{rel}","templated":true}]}}