{"id":197,"date":"2012-06-02T14:09:54","date_gmt":"2012-06-02T14:09:54","guid":{"rendered":"http:\/\/desvisages.fr\/?page_id=197"},"modified":"2012-06-04T14:02:30","modified_gmt":"2012-06-04T14:02:30","slug":"la-presse-parle-de-nous","status":"publish","type":"page","link":"https:\/\/desvisages.fr\/?page_id=197","title":{"rendered":"La presse en a parl\u00e9"},"content":{"rendered":"<ul>\n<li>\u00ab\u00a0<em>Skipper d\u2019un yacht de milliardaire, croupier au casino du Queen Mary 2, conducteur de bateau mouche ou cuisinier sur une plate-forme p\u00e9troli\u00e8re\u2026 Pour tous ceux qui sentent \u00ab\u00a0l\u2019appel du large\u00a0\u00bb, le journaliste ind\u00e9pendant Fran\u00e7ois Pont a recens\u00e9, dans un ouvrage tr\u00e8s complet, l\u2019ensemble des emplois \u00ab\u00a0embarqu\u00e9s\u00a0\u00bb. Leurs avantages \u2013 voyages, grands espaces, rencontres, nouvelle vie\u00a0; leurs inconv\u00e9nients \u2013 lourde charge de travail, horaires \u00e0 rallonge, discipline stricte, absence de vie priv\u00e9e, cabine exigu\u00ebs et cafardes\u00a0: \u00ab\u00a0La croisi\u00e8re ne s\u2019amuse pas toujours\u00a0\u00bb, note l\u2019auteur. Ceux que l\u2019exp\u00e9rience tente tout de m\u00eame trouveront dans son livre la liste de tous les employeurs, les d\u00e9marches \u00e0 effectuer et les conseils \u00e0 suivre pour faire le grand plongeon<\/em>\u00a0\u00bb. <strong>Ondine Millot \u2013 Lib\u00e9ration<\/strong><\/li>\n<\/ul>\n<p>&nbsp;<\/p>\n<ul>\n<li>\u00ab\u00a0<em>Dans son ouvrage Le Nouveau Guide des jobs \u00e0 bord r\u00e9alis\u00e9 en \u00e9cho \u00e0 la mise \u00e0 l\u2019eau du plus gros paquebot au monde, le Queen Mary II, l\u2019auteur \u00e9voque, \u00e0 la lumi\u00e8re de nombreux t\u00e9moignages, la vie \u00e0 bord et les conditions de travail. Il dresse une liste exhaustive des m\u00e9tiers de la croisi\u00e8re et de la plaisance, sur yacht ou voilier, voire sur plate-forme p\u00e9troli\u00e8re, avec salaire, adresse et contacts indispensables et propose un petit guide de la fiscalit\u00e9, du droit maritime, des droits sociaux\u2026 En outre, le livre pr\u00e9sente sous forme de fiches les 30 plus grandes compagnies maritimes et fluviales avec leurs destinations, les postes \u00e0 pourvoir, les avantages et inconv\u00e9nients, le recrutement\u00a0<\/em>\u00bb. <strong>Le Figaro<\/strong><\/li>\n<\/ul>\n<p>&nbsp;<\/p>\n<ul>\n<li>\u00ab\u00a0<em>Pour ceux que rebute la carri\u00e8re militaire, il reste enfin les navires de croisi\u00e8res. \u00ab\u00a0Le secteur a le vent en poupe, glisse l\u2019auteur du Guide des jobs \u00e0 bord, et il a vite r\u00e9agi apr\u00e8s les attentats du 11 septembre.\u00a0\u00bb La possibilit\u00e9 de redessiner les itin\u00e9raires pour \u00e9viter les zones \u00e0 risques, jointe \u00e0 la peur de l\u2019avion, ont jou\u00e9 en sa faveur. D\u2019autant que, ces derni\u00e8res ann\u00e9es, la croisi\u00e8re s\u2019est d\u00e9mocratis\u00e9e, devenant accessible aux revenus plus modestes. \u00ab\u00a0Les compagnies de croisi\u00e8res appr\u00e9cient les Fran\u00e7ais pour leurs comp\u00e9tences professionnelles, leur art de vivre\u00a0\u00bb, d\u00e9taille Fran\u00e7ois Pont. \u00ab\u00a0Un sommelier, par exemple, cr\u00e9dibilisera les ventes avec son accent fran\u00e7ais.\u00a0\u00bb Seul b\u00e9mol\u00a0: \u00ab\u00a0Les Fran\u00e7ais sont consid\u00e9r\u00e9s comme des personnels contestataires, syndiqu\u00e9s, ma\u00eetrisant mal les langues \u00e9trang\u00e8res\u2026\u00a0\u00bb Ils trouveront \u00e0 s\u2019employer dans l\u2019h\u00f4tellerie et la restauration ou dans l\u2019animation au sein des compagnies europ\u00e9ennes. Une fois \u00e0 bord, la r\u00e8gle est la m\u00eame pour tous\u00a0: Travailler. Le bateau loin du quai, c\u2019est sept jours sur sept qu\u2019il faut \u00eatre disponible, pour des journ\u00e9es de dix \u00e0 douze heures en moyenne <\/em>\u00bb. <strong>Marie B. \u2013 Le Monde<\/strong><\/li>\n<\/ul>\n<p>&nbsp;<\/p>\n<ul>\n<li>\u00ab\u00a0<em>Embarquer sur un voilier ou un yacht appartenant \u00e0 un particulier ou une compagnie de croisi\u00e8re fluviale, c\u2019est possible. Ce sont essentiellement des postes d\u2019h\u00f4tesse d\u2019accueil ou de car\u00e9nage (entretien du bateau) qui vous attendent. Infos pratiques dans le Nouveau Guide des jobs \u00e0 bord\u00a0<\/em>\u00bb. <strong>Odile Gnanapr\u00e9gassame \u2013 Jeunes \u00e0 Paris \/ Studyrama<\/strong><\/li>\n<\/ul>\n<p>&nbsp;<\/p>\n<ul>\n<li>\u00ab\u00a0<em>Vous pouvez lire l\u2019\u00e9dition 2008 du Nouveau Guide des Jobs \u00e0 Bord. Au sommaire de l\u2019ouvrage\u00a0: trouver un emploi sur un bateau de croisi\u00e8re, un yacht, un voilier ou une plateforme p\u00e9troli\u00e8re, les principales compagnies, conditions de travail, contrats, r\u00e9mun\u00e9rations, fiscalit\u00e9, droit maritime et droits sociaux au retour\u00a0. Enrichi de nombreux t\u00e9moignages, ce livre expose\u00a0tous les plans pour naviguer dans les eaux turquoises en \u00e9vitant les eaux troubles<\/em>\u00a0\u00bb. <strong>Tiphaine Beausseron \u2013 L\u2019H\u00f4tellerie\u00a0<\/strong><\/li>\n<\/ul>\n<p>&nbsp;<\/p>\n<ul>\n<li>\u00ab\u00a0<em>\u00c0 noter la publication du \u00ab\u00a0Nouveau Guide des jobs \u00e0 bord\u00a0\u00bb qui recense les possibilit\u00e9s d\u2019emploi \u00e0 bord des paquebots de croisi\u00e8re dont un bon nombre sillonne les zones o\u00f9 beaucoup de tourdumondistes font escale. Cuisiniers, serveurs, h\u00f4tesses et m\u00eame m\u00e9decins sont en effet recrut\u00e9s par un march\u00e9 en plein d\u00e9veloppement et dont les perspectives de ces prochaines ann\u00e9es sont \u00e0 la hausse. Adresses, mod\u00e8les de CV, conseils, ce petit ouvrage peut rendre bien des services au-del\u00e0 du mythe litt\u00e9raire de \u00a0travailler \u00e0 bord pour payer son passage<\/em>\u00a0\u00bb. <strong>Voiles et Voiliers<\/strong><\/li>\n<\/ul>\n<p>&nbsp;<\/p>\n<ul>\n<li>\u00ab\u00a0<em>Pour ceux qui veulent voguer par les oc\u00e9ans, mais qui n\u2019ont pas (encore) la bourse assez remplie pour \u00eatre le ma\u00eetre \u00e0 bord, voici un guide qui apporte une mine de solutions. Il r\u00e9pertorie toutes les possibilit\u00e9s pour embarquer au large, tout en \u00e9tant r\u00e9mun\u00e9r\u00e9. Ainsi, cuisinier, h\u00f4tesse, photographe, skipper ou serveur, mais aussi conf\u00e9rencier, m\u00e9decin ou croupier\u2026 bien des m\u00e9tiers peuvent s\u2019exercer sur un yacht dela C\u00f4ted\u2019Azur ou sur un paquebot aux Antilles. Tous les \u00ab\u00a0bons plans\u00a0\u00bb, fili\u00e8res, adresses et perspectives, sont pass\u00e9s au crible. Sans concession et gr\u00e2ce \u00e0 de nombreux t\u00e9moignages v\u00e9cus, ce guide op\u00e8re une mise au point concernant les avantages, mais aussi les surprises et les d\u00e9sagr\u00e9ments li\u00e9s \u00e0 ces exp\u00e9riences enrichissantes. En parall\u00e8le, il donne aux propri\u00e9taires et utilisateurs de yachts des informations et des moyens pour recruter leur futur \u00e9quipage\u00a0<\/em>\u00bb. <strong>Neptune Yachting Moteur<\/strong><\/li>\n<\/ul>\n<p>&nbsp;<\/p>\n<ul>\n<li>\u00ab\u00a0<em>Il est aussi facile d\u2019y gagner des dollars et des rivages lointains, que d\u2019y perdre ses illusions et sa sant\u00e9. Tel est l\u2019enseignement que l\u2019on pourrait tirer de ce petit guide. Tr\u00e8s pratique et document\u00e9, truff\u00e9 de t\u00e9moignages, il ne vend pas de r\u00eave couleur turquoise mais r\u00e9pertorie les perspectives d\u2019embauches saisonni\u00e8res ou plus r\u00e9guli\u00e8res \u00e0 bord des unit\u00e9s de croisi\u00e8res. L\u2019auteur privil\u00e9gie le c\u00f4t\u00e9 pratique. Outil au service de la recherche de travail dans un domaine tr\u00e8s international, ce livre de 250 pages \u00e9voque et compare les diff\u00e9rents armements, de la grande croisi\u00e8re mais aussi des bateaux mouches, yachts, voiliers de charter. Conditions de travail, contrats, r\u00e9mun\u00e9rations, droits et devoirs, adresses utiles, bons plans ou mauvais, tout y est. Le guide aborde aussi les \u00e9ventuels ennuis m\u00e9dicaux ou judiciaires que l\u2019on peut conna\u00eetre \u00e0 l\u2019autre bout de la plan\u00e8te. Mais comme, la recherche du bon job commence par les techniques de candidature, le guide inventorie \u00e9galement les profils requis, et les diff\u00e9rents organismes et journaux r\u00e9pertoriant les offres d\u2019emplois<\/em>\u00a0\u00bb. <strong>Nicolas dela Casini\u00e8re\u2013 Le Marin, groupe Ouest France<\/strong><\/li>\n<\/ul>\n<p>&nbsp;<\/p>\n<ul>\n<li>\u00ab\u00a0<em>Fran\u00e7ois Pont\u00a0d\u00e9voile les bons c\u00f4t\u00e9s des choses mais aussi l\u2019envers du d\u00e9cor, et l\u00e0, c\u2019est parfois moins reluisant. Image porteuse de r\u00eaves s\u2019il en est, la croisi\u00e8re, qu\u2019elle soit \u00e0 bord d\u2019un paquebot sillonnant les Cara\u00efbes ou d\u2019un yacht faisant du charter, est ici compl\u00e8tement d\u00e9sacralis\u00e9e.L\u2019auteur passe en revue tous les m\u00e9tiers de la restauration et des services. Cela va de l\u2019esth\u00e9ticienne au skipper, du m\u00e9decin au conf\u00e9rencier, du barman \u00e0 l\u2019h\u00f4tesse. Les grandes compagnies de navigation, les plateformes p\u00e9troli\u00e8res, les loueurs, le convoyage, le charter\u2026 l\u2019auteur aborde toutes les facettes de la croisi\u00e8re ou du s\u00e9jour en mer. Et le mythe en prend un coup\u00a0! Au fil des pages, on y d\u00e9couvre que l\u2019on peut rarement avoir le beurre et l\u2019argent du beurre (tiens donc\u00a0!). Les jobs les mieux pay\u00e9s ne sont pas les plus relax\u2026 Ceux et celles qui r\u00eavaient de s\u00e9jour en mer version \u00ab\u00a0la croisi\u00e8re s\u2019amuse\u00a0\u00bb vont \u00eatre d\u00e9\u00e7us. Mais les conseils judicieux de ce livre devraient en contrepartie leur \u00e9viter bien des d\u00e9boires<\/em>\u00a0\u00bb. <strong>Loisirs Nautiques<\/strong><\/li>\n<\/ul>\n<p>&nbsp;<\/p>\n<ul>\n<li>\u00ab\u00a0<em>A signaler, la sortie d\u2019un livre original\u00a0: le guide des jobs \u00e0 bord. Si vous \u00eates sensible aux chants des sir\u00e8nes, vous y trouverez toutes les pistes pour travailler sur les mers turquoise en \u00e9vitant les eaux troubles\u2026 Bateaux de croisi\u00e8re, de plaisance ou plates-formes p\u00e9troli\u00e8res, du cuisinier au skipper en passant par le m\u00e9decin, le conf\u00e9rencier, le photographe, le croupier, le musicien ou l\u2019esth\u00e9ticienne, vous saurez tout des jobs \u00e0 bord et des recruteurs<\/em>\u00a0\u00bb. <strong>Clothilde Hanoteau \u2013 \u00c0 Nous Paris<\/strong><\/li>\n<\/ul>\n","protected":false},"excerpt":{"rendered":"<p>\u00ab\u00a0Skipper d\u2019un yacht de milliardaire, croupier au casino du Queen Mary 2, conducteur de bateau mouche ou cuisinier sur une plate-forme p\u00e9troli\u00e8re\u2026 Pour tous ceux qui sentent \u00ab\u00a0l\u2019appel du large\u00a0\u00bb, le journaliste ind\u00e9pendant Fran\u00e7ois Pont a recens\u00e9, dans un ouvrage &hellip; <a href=\"https:\/\/desvisages.fr\/?page_id=197\">Continuer la lecture <span class=\"meta-nav\">&rarr;<\/span><\/a><\/p>\n","protected":false},"author":2,"featured_media":178,"parent":164,"menu_order":0,"comment_status":"closed","ping_status":"closed","template":"","meta":{"footnotes":""},"class_list":["post-197","page","type-page","status-publish","has-post-thumbnail","hentry"],"_links":{"self":[{"href":"https:\/\/desvisages.fr\/index.php?rest_route=\/wp\/v2\/pages\/197","targetHints":{"allow":["GET"]}}],"collection":[{"href":"https:\/\/desvisages.fr\/index.php?rest_route=\/wp\/v2\/pages"}],"about":[{"href":"https:\/\/desvisages.fr\/index.php?rest_route=\/wp\/v2\/types\/page"}],"author":[{"embeddable":true,"href":"https:\/\/desvisages.fr\/index.php?rest_route=\/wp\/v2\/users\/2"}],"replies":[{"embeddable":true,"href":"https:\/\/desvisages.fr\/index.php?rest_route=%2Fwp%2Fv2%2Fcomments&post=197"}],"version-history":[{"count":9,"href":"https:\/\/desvisages.fr\/index.php?rest_route=\/wp\/v2\/pages\/197\/revisions"}],"predecessor-version":[{"id":283,"href":"https:\/\/desvisages.fr\/index.php?rest_route=\/wp\/v2\/pages\/197\/revisions\/283"}],"up":[{"embeddable":true,"href":"https:\/\/desvisages.fr\/index.php?rest_route=\/wp\/v2\/pages\/164"}],"wp:featuredmedia":[{"embeddable":true,"href":"https:\/\/desvisages.fr\/index.php?rest_route=\/wp\/v2\/media\/178"}],"wp:attachment":[{"href":"https:\/\/desvisages.fr\/index.php?rest_route=%2Fwp%2Fv2%2Fmedia&parent=197"}],"curies":[{"name":"wp","href":"https:\/\/api.w.org\/{rel}","templated":true}]}}