{"id":20,"date":"2012-06-01T14:22:43","date_gmt":"2012-06-01T14:22:43","guid":{"rendered":"http:\/\/desvisages.fr\/?page_id=20"},"modified":"2018-11-19T15:00:20","modified_gmt":"2018-11-19T15:00:20","slug":"cest-pour-bientot","status":"publish","type":"page","link":"https:\/\/desvisages.fr\/?page_id=20","title":{"rendered":"D\u00eener d&rsquo;\u00c9tat \u00e0 l&rsquo;\u00c9lys\u00e9e 2013"},"content":{"rendered":"<p>Le 29 ao\u00fbt 2013, les <strong>\u00e9ditions Des Visages <\/strong>publient, en version papier, le premier roman de\u00a0<strong>Fran\u00e7ois Pont<\/strong> : \u00ab <strong>D\u00eener d&rsquo;\u00c9tat \u00e0 l&rsquo;\u00c9lys\u00e9e<\/strong> \u00bb. Une version \u00e9lectronique est attendue pour 2019.<\/p>\n<p><strong><span style=\"text-decoration: underline;\">Le synopsis :<\/span><\/strong><b><\/b><\/p>\n<p>Au titre de l&rsquo;union nationale, Fran\u00e7ois Hollande invite son pr\u00e9d\u00e9cesseur \u00e0 l&rsquo;\u00c9lys\u00e9e pour participer au d\u00eener d&rsquo;\u00c9tat servi en l&rsquo;honneur du pr\u00e9sident russe, Vladimir Poutine. D\u00e8s le service de l&rsquo;entr\u00e9e, Nicolas Sarkozy, puis d&rsquo;autres personnes, seront successivement victimes de syncopes. Tout laisse \u00e0 penser qu&rsquo;il ne s&rsquo;agit pas de simples malaises vagaux.<\/p>\n<p>Les\u00a0deux cent trente\u00a0participants au repas sont consign\u00e9s et doivent se soumettre \u00e0 d&rsquo;humiliants pr\u00e9l\u00e8vements. Une quarantaine de ma\u00eetres d&rsquo;h\u00f4tel et de sommeliers sont retenus dans une salle de judo en sous-sol, \u00e0 disposition des services de s\u00e9curit\u00e9.<\/p>\n<p>Un quatuor de personnalit\u00e9s du monde de la gastronomie est convoqu\u00e9 dans la nuit pour \u00e9clairer de leur flair la police scientifique et identifier l&rsquo;origine du mal : le chef de cuisine Virgil Figeac, l&rsquo;animatrice de t\u00e9l\u00e9vision Nelly Cr\u00e9mieux et les chroniqueurs gastronomiques Jean-Paul Carlier et Fran\u00e7ois Sent\u00eate.<\/p>\n<p><strong><span style=\"text-decoration: underline;\">Mais encore\u00a0?<\/span><\/strong><\/p>\n<p>Dans le ventre du Palais, l\u00e0 o\u00f9 personne ne va m\u00eame pendant les Journ\u00e9es du patrimoine, se d\u00e9roule un huis clos entre convives, personnels de service et de s\u00e9curit\u00e9, Ce &lsquo;cluedo&rsquo; \u00e9lys\u00e9en est l&rsquo;occasion de\u00a0d\u00e9couvrir\u00a0l&rsquo;h\u00f4tel d&rsquo;Evreux et son histoire par la porte de service.<\/p>\n<p>Ce roman explore le comportement \u00e0 table des \u00e9lites, l&rsquo;organisation des r\u00e9ceptions officielles, le monde de la restauration et de la Grande cuisine.<\/p>\n<p><strong><span style=\"text-decoration: underline;\">Notice du livre :<\/span><\/strong><\/p>\n<p>\u00c9diteur : Des Visages \u00e9ditions \u2013 56 boulevard Davout &#8211; 75020 Paris<\/p>\n<p>contact@desvisages.fr<\/p>\n<p>Date de sortie : 29 ao\u00fbt 2013<\/p>\n<p>Prix facial TTC : 19,90\u00a0\u20ac<\/p>\n<p>Format (en mm) : 130\/200 &#8211; Dos : 19,2<\/p>\n<p>Nombre de pages : 240<\/p>\n<p>ISBN : 978-2-9528122-3-8<b><\/b><\/p>\n<p><strong><span style=\"text-decoration: underline;\">O\u00f9 trouver D\u00eener d&rsquo;\u00c9tat \u00e0 l&rsquo;\u00c9lys\u00e9e ?<\/span><\/strong><\/p>\n<p><strong><a href=\"http:\/\/desvisages.fr\/?page_id=28\">Informations pratiques &amp; COMMANDE, cliquer\u00a0ICI.<\/a><\/strong><\/p>\n<p><strong><span style=\"text-decoration: underline;\">Premi\u00e8re de couverture :<\/span><\/strong><\/p>\n<p><a href=\"http:\/\/desvisages.fr\/wp-content\/uploads\/2012\/06\/Diner-detat-couverture.jpg\"><img loading=\"lazy\" decoding=\"async\" class=\"aligncenter size-medium wp-image-348\" src=\"http:\/\/desvisages.fr\/wp-content\/uploads\/2012\/06\/Diner-detat-couverture-188x300.jpg\" alt=\"d\u00eener d'\u00e9tat \u00e0 l'\u00e9lys\u00e9e\" width=\"188\" height=\"300\" srcset=\"https:\/\/desvisages.fr\/wp-content\/uploads\/2012\/06\/Diner-detat-couverture-188x300.jpg 188w, https:\/\/desvisages.fr\/wp-content\/uploads\/2012\/06\/Diner-detat-couverture-642x1024.jpg 642w, https:\/\/desvisages.fr\/wp-content\/uploads\/2012\/06\/Diner-detat-couverture.jpg 1468w\" sizes=\"auto, (max-width: 188px) 100vw, 188px\" \/><\/a><\/p>\n","protected":false},"excerpt":{"rendered":"<p>Le 29 ao\u00fbt 2013, les \u00e9ditions Des Visages publient, en version papier, le premier roman de\u00a0Fran\u00e7ois Pont : \u00ab D\u00eener d&rsquo;\u00c9tat \u00e0 l&rsquo;\u00c9lys\u00e9e \u00bb. Une version \u00e9lectronique est attendue pour 2019. Le synopsis : Au titre de l&rsquo;union nationale, Fran\u00e7ois &hellip; <a href=\"https:\/\/desvisages.fr\/?page_id=20\">Continuer la lecture <span class=\"meta-nav\">&rarr;<\/span><\/a><\/p>\n","protected":false},"author":2,"featured_media":311,"parent":0,"menu_order":4,"comment_status":"closed","ping_status":"closed","template":"","meta":{"footnotes":""},"class_list":["post-20","page","type-page","status-publish","has-post-thumbnail","hentry"],"_links":{"self":[{"href":"https:\/\/desvisages.fr\/index.php?rest_route=\/wp\/v2\/pages\/20","targetHints":{"allow":["GET"]}}],"collection":[{"href":"https:\/\/desvisages.fr\/index.php?rest_route=\/wp\/v2\/pages"}],"about":[{"href":"https:\/\/desvisages.fr\/index.php?rest_route=\/wp\/v2\/types\/page"}],"author":[{"embeddable":true,"href":"https:\/\/desvisages.fr\/index.php?rest_route=\/wp\/v2\/users\/2"}],"replies":[{"embeddable":true,"href":"https:\/\/desvisages.fr\/index.php?rest_route=%2Fwp%2Fv2%2Fcomments&post=20"}],"version-history":[{"count":63,"href":"https:\/\/desvisages.fr\/index.php?rest_route=\/wp\/v2\/pages\/20\/revisions"}],"predecessor-version":[{"id":511,"href":"https:\/\/desvisages.fr\/index.php?rest_route=\/wp\/v2\/pages\/20\/revisions\/511"}],"wp:featuredmedia":[{"embeddable":true,"href":"https:\/\/desvisages.fr\/index.php?rest_route=\/wp\/v2\/media\/311"}],"wp:attachment":[{"href":"https:\/\/desvisages.fr\/index.php?rest_route=%2Fwp%2Fv2%2Fmedia&parent=20"}],"curies":[{"name":"wp","href":"https:\/\/api.w.org\/{rel}","templated":true}]}}